{"id":1092,"date":"2024-04-21T21:40:23","date_gmt":"2024-04-21T21:40:23","guid":{"rendered":"https:\/\/www.lacompagniedesminibusdeparis.fr\/sobre-nosotros\/"},"modified":"2024-07-10T18:05:55","modified_gmt":"2024-07-10T18:05:55","slug":"sobre-nosotros","status":"publish","type":"page","link":"https:\/\/www.lacompagniedesminibusdeparis.fr\/es\/sobre-nosotros\/","title":{"rendered":"Sobre nosotros"},"content":{"rendered":"<style>.elementor-1092 .elementor-element.elementor-element-77ebf7a8:not(.elementor-motion-effects-element-type-background), .elementor-1092 .elementor-element.elementor-element-77ebf7a8 > .elementor-motion-effects-container > .elementor-motion-effects-layer{background-color:#FFFFFF;}.elementor-1092 .elementor-element.elementor-element-77ebf7a8{transition:background 0.3s, border 0.3s, border-radius 0.3s, box-shadow 0.3s;margin-top:0px;margin-bottom:0px;padding:50px 0px 0px 0px;}.elementor-1092 .elementor-element.elementor-element-77ebf7a8 > .elementor-background-overlay{transition:background 0.3s, border-radius 0.3s, opacity 0.3s;}.elementor-1092 .elementor-element.elementor-element-361c8ec4 > .elementor-element-populated{margin:0px 0px 0px 0px;--e-column-margin-right:0px;--e-column-margin-left:0px;padding:0px 0px 0px 0px;}.elementor-1092 .elementor-element.elementor-element-68267c0c > .elementor-element-populated{margin:0px 0px 0px 0px;--e-column-margin-right:0px;--e-column-margin-left:0px;padding:0px 0px 0px 0px;}.elementor-1092 .elementor-element.elementor-element-68267c0c{z-index:1;}.elementor-1092 .elementor-element.elementor-element-23027d87 .elementor-heading-title{font-family:\"Roboto\", Sans-serif;font-size:40px;font-weight:normal;font-style:normal;color:#3483C2;}.elementor-1092 .elementor-element.elementor-element-6783ffba > .elementor-widget-container{margin:0px 0px -25px 0px;}.elementor-1092 .elementor-element.elementor-element-f4f625a .gallery-item .gallery-caption{text-align:center;}.elementor-1092 .elementor-element.elementor-element-f4f625a > .elementor-widget-container{margin:0px 0px 0px 0px;padding:0px 0px 0px 0px;}@media(max-width:1024px) and (min-width:768px){.elementor-1092 .elementor-element.elementor-element-68267c0c{width:50%;}}@media(max-width:1024px){.elementor-1092 .elementor-element.elementor-element-77ebf7a8{margin-top:0px;margin-bottom:-108px;padding:50px 30px 0px 30px;}}@media(max-width:767px){.elementor-1092 .elementor-element.elementor-element-77ebf7a8{margin-top:0px;margin-bottom:-96px;padding:50px 20px 50px 20px;}.elementor-1092 .elementor-element.elementor-element-68267c0c > .elementor-element-populated{margin:50px 0px 0px 0px;--e-column-margin-right:0px;--e-column-margin-left:0px;}.elementor-1092 .elementor-element.elementor-element-23027d87{text-align:center;}.elementor-1092 .elementor-element.elementor-element-6783ffba{text-align:center;}.elementor-1092 .elementor-element.elementor-element-6783ffba > .elementor-widget-container{padding:0px 10px 0px 10px;}}<\/style>\t\t<div data-elementor-type=\"wp-page\" data-elementor-id=\"1092\" class=\"elementor elementor-1092 elementor-196\" data-elementor-post-type=\"page\">\n\t\t\t\t\t\t<section class=\"elementor-section elementor-top-section elementor-element elementor-element-77ebf7a8 elementor-section-boxed elementor-section-height-default elementor-section-height-default\" data-id=\"77ebf7a8\" data-element_type=\"section\" data-e-type=\"section\" data-settings=\"{&quot;background_background&quot;:&quot;classic&quot;}\">\n\t\t\t\t\t\t<div class=\"elementor-container elementor-column-gap-default\">\n\t\t\t\t\t<div class=\"elementor-column elementor-col-100 elementor-top-column elementor-element elementor-element-361c8ec4\" data-id=\"361c8ec4\" data-element_type=\"column\" data-e-type=\"column\">\n\t\t\t<div class=\"elementor-widget-wrap elementor-element-populated\">\n\t\t\t\t\t\t<section class=\"elementor-section elementor-inner-section elementor-element elementor-element-52e3ca2f elementor-reverse-mobile elementor-section-boxed elementor-section-height-default elementor-section-height-default\" data-id=\"52e3ca2f\" data-element_type=\"section\" data-e-type=\"section\">\n\t\t\t\t\t\t<div class=\"elementor-container elementor-column-gap-default\">\n\t\t\t\t\t<div class=\"elementor-column elementor-col-100 elementor-inner-column elementor-element elementor-element-68267c0c\" data-id=\"68267c0c\" data-element_type=\"column\" data-e-type=\"column\">\n\t\t\t<div class=\"elementor-widget-wrap elementor-element-populated\">\n\t\t\t\t\t\t<div class=\"elementor-element elementor-element-23027d87 animated-slow elementor-invisible elementor-widget elementor-widget-heading\" data-id=\"23027d87\" data-element_type=\"widget\" data-e-type=\"widget\" data-settings=\"{&quot;_animation&quot;:&quot;fadeIn&quot;,&quot;_animation_delay&quot;:300}\" data-widget_type=\"heading.default\">\n\t\t\t\t<div class=\"elementor-widget-container\">\n\t\t\t\t\t<h2 class=\"elementor-heading-title elementor-size-default\">Historia<\/h2>\t\t\t\t<\/div>\n\t\t\t\t<\/div>\n\t\t\t\t<div class=\"elementor-element elementor-element-6783ffba animated-slow elementor-invisible elementor-widget elementor-widget-text-editor\" data-id=\"6783ffba\" data-element_type=\"widget\" data-e-type=\"widget\" data-settings=\"{&quot;_animation&quot;:&quot;fadeIn&quot;,&quot;_animation_delay&quot;:500}\" data-widget_type=\"text-editor.default\">\n\t\t\t\t<div class=\"elementor-widget-container\">\n\t\t\t\t\t\t\t\t\t<p class=\"p1\"><span style=\"color: #000000;\">De 1986 a 2023, trabaj\u00e9 como conductor de Grande Remise para varias empresas de alquiler de coches con ch\u00f3fer. He tenido el honor de conducir a personalidades del mundo del espect\u00e1culo, la pol\u00edtica y el deporte, incluido Pel\u00e9 durante el Mundial de F\u00fatbol de 1998. Apasionada de la historia de Francia, sol\u00eda compartir mis conocimientos en visitas tur\u00edsticas.<\/span><\/p><p class=\"p1\"><span style=\"color: #000000;\">Paralelamente trabaj\u00e9 como despachador durante 7 a\u00f1os, luego, ante los retos que planteaban las plataformas, obtuve la Gran Capacidad en 2017 para convertirme en operador de autocares. En 2014, fund\u00e9 La Compagnie des Minibus de Paris, con el deseo de ofrecer un servicio de alta gama, respetando la normativa francesa y europea.<\/span><\/p><p><span style=\"color: #000000;\">Laurent SEREZO<\/span><\/p><p class=\"p2\"><span style=\"color: #000000;\">Fundador de La Compagnie des Minibus de Paris<\/span><\/p>\t\t\t\t\t\t\t\t<\/div>\n\t\t\t\t<\/div>\n\t\t\t\t<div class=\"elementor-element elementor-element-f4f625a elementor-widget elementor-widget-image-gallery\" data-id=\"f4f625a\" data-element_type=\"widget\" data-e-type=\"widget\" data-widget_type=\"image-gallery.default\">\n\t\t\t\t<div class=\"elementor-widget-container\">\n\t\t\t\t\t\t\t<div class=\"elementor-image-gallery\">\n\t\t\t<div id='gallery-1' class='gallery galleryid-1092 gallery-columns-4 gallery-size-full'><figure class='gallery-item'>\n\t\t\t<div class='gallery-icon landscape'>\n\t\t\t\t<a data-elementor-open-lightbox=\"no\" href='https:\/\/www.lacompagniedesminibusdeparis.fr\/wp-content\/uploads\/2024\/06\/4-2.png'><img fetchpriority=\"high\" decoding=\"async\" width=\"600\" height=\"400\" src=\"https:\/\/www.lacompagniedesminibusdeparis.fr\/wp-content\/uploads\/2024\/06\/4-2.png\" class=\"attachment-full size-full\" alt=\"\" srcset=\"https:\/\/www.lacompagniedesminibusdeparis.fr\/wp-content\/uploads\/2024\/06\/4-2.png 600w, https:\/\/www.lacompagniedesminibusdeparis.fr\/wp-content\/uploads\/2024\/06\/4-2-300x200.png 300w\" sizes=\"(max-width: 600px) 100vw, 600px\" \/><\/a>\n\t\t\t<\/div><\/figure><figure class='gallery-item'>\n\t\t\t<div class='gallery-icon landscape'>\n\t\t\t\t<a data-elementor-open-lightbox=\"no\" href='https:\/\/www.lacompagniedesminibusdeparis.fr\/wp-content\/uploads\/2024\/06\/Design-sans-titre-90.png'><img decoding=\"async\" width=\"600\" height=\"400\" src=\"https:\/\/www.lacompagniedesminibusdeparis.fr\/wp-content\/uploads\/2024\/06\/Design-sans-titre-90.png\" class=\"attachment-full size-full\" alt=\"\" srcset=\"https:\/\/www.lacompagniedesminibusdeparis.fr\/wp-content\/uploads\/2024\/06\/Design-sans-titre-90.png 600w, https:\/\/www.lacompagniedesminibusdeparis.fr\/wp-content\/uploads\/2024\/06\/Design-sans-titre-90-300x200.png 300w\" sizes=\"(max-width: 600px) 100vw, 600px\" \/><\/a>\n\t\t\t<\/div><\/figure><figure class='gallery-item'>\n\t\t\t<div class='gallery-icon landscape'>\n\t\t\t\t<a data-elementor-open-lightbox=\"no\" href='https:\/\/www.lacompagniedesminibusdeparis.fr\/wp-content\/uploads\/2024\/06\/Design-sans-titre-91.png'><img decoding=\"async\" width=\"600\" height=\"400\" src=\"https:\/\/www.lacompagniedesminibusdeparis.fr\/wp-content\/uploads\/2024\/06\/Design-sans-titre-91.png\" class=\"attachment-full size-full\" alt=\"\" srcset=\"https:\/\/www.lacompagniedesminibusdeparis.fr\/wp-content\/uploads\/2024\/06\/Design-sans-titre-91.png 600w, https:\/\/www.lacompagniedesminibusdeparis.fr\/wp-content\/uploads\/2024\/06\/Design-sans-titre-91-300x200.png 300w\" sizes=\"(max-width: 600px) 100vw, 600px\" \/><\/a>\n\t\t\t<\/div><\/figure><figure class='gallery-item'>\n\t\t\t<div class='gallery-icon landscape'>\n\t\t\t\t<a data-elementor-open-lightbox=\"no\" href='https:\/\/www.lacompagniedesminibusdeparis.fr\/wp-content\/uploads\/2024\/06\/1-2.png'><img loading=\"lazy\" decoding=\"async\" width=\"600\" height=\"400\" src=\"https:\/\/www.lacompagniedesminibusdeparis.fr\/wp-content\/uploads\/2024\/06\/1-2.png\" class=\"attachment-full size-full\" alt=\"\" srcset=\"https:\/\/www.lacompagniedesminibusdeparis.fr\/wp-content\/uploads\/2024\/06\/1-2.png 600w, https:\/\/www.lacompagniedesminibusdeparis.fr\/wp-content\/uploads\/2024\/06\/1-2-300x200.png 300w\" sizes=\"(max-width: 600px) 100vw, 600px\" \/><\/a>\n\t\t\t<\/div><\/figure>\n\t\t<\/div>\n\t\t<\/div>\n\t\t\t\t\t\t<\/div>\n\t\t\t\t<\/div>\n\t\t\t\t\t<\/div>\n\t\t<\/div>\n\t\t\t\t\t<\/div>\n\t\t<\/section>\n\t\t\t\t\t<\/div>\n\t\t<\/div>\n\t\t\t\t\t<\/div>\n\t\t<\/section>\n\t\t\t\t<\/div>\n\t\t","protected":false},"excerpt":{"rendered":"<p>Historia De 1986 a 2023, trabaj\u00e9 como conductor de Grande Remise para varias empresas de alquiler de coches con ch\u00f3fer. He tenido el honor de conducir a personalidades del mundo del espect\u00e1culo, la pol\u00edtica y el deporte, incluido Pel\u00e9 durante el Mundial de F\u00fatbol de 1998. Apasionada de la historia de Francia, sol\u00eda compartir mis [&hellip;]<\/p>\n","protected":false},"author":1,"featured_media":0,"parent":0,"menu_order":0,"comment_status":"closed","ping_status":"closed","template":"elementor_header_footer","meta":{"footnotes":""},"class_list":["post-1092","page","type-page","status-publish","hentry"],"yoast_head":"<!-- This site is optimized with the Yoast SEO plugin v27.2 - https:\/\/yoast.com\/product\/yoast-seo-wordpress\/ -->\n<title>Sobre nosotros - La Compagnie des Minibus de Paris<\/title>\n<meta name=\"robots\" content=\"index, follow, max-snippet:-1, max-image-preview:large, max-video-preview:-1\" \/>\n<link rel=\"canonical\" href=\"https:\/\/www.lacompagniedesminibusdeparis.fr\/es\/sobre-nosotros\/\" \/>\n<meta property=\"og:locale\" content=\"es_ES\" \/>\n<meta property=\"og:type\" content=\"article\" \/>\n<meta property=\"og:title\" content=\"Sobre nosotros - La Compagnie des Minibus de Paris\" \/>\n<meta property=\"og:description\" content=\"Historia De 1986 a 2023, trabaj\u00e9 como conductor de Grande Remise para varias empresas de alquiler de coches con ch\u00f3fer. He tenido el honor de conducir a personalidades del mundo del espect\u00e1culo, la pol\u00edtica y el deporte, incluido Pel\u00e9 durante el Mundial de F\u00fatbol de 1998. Apasionada de la historia de Francia, sol\u00eda compartir mis [&hellip;]\" \/>\n<meta property=\"og:url\" content=\"https:\/\/www.lacompagniedesminibusdeparis.fr\/es\/sobre-nosotros\/\" \/>\n<meta property=\"og:site_name\" content=\"La Compagnie des Minibus de Paris\" \/>\n<meta property=\"article:modified_time\" content=\"2024-07-10T18:05:55+00:00\" \/>\n<meta property=\"og:image\" content=\"https:\/\/www.lacompagniedesminibusdeparis.fr\/wp-content\/uploads\/2024\/06\/4-2.png\" \/>\n<meta name=\"twitter:card\" content=\"summary_large_image\" \/>\n<meta name=\"twitter:label1\" content=\"Tiempo de lectura\" \/>\n\t<meta name=\"twitter:data1\" content=\"1 minuto\" \/>\n<script type=\"application\/ld+json\" class=\"yoast-schema-graph\">{\"@context\":\"https:\/\/schema.org\",\"@graph\":[{\"@type\":\"WebPage\",\"@id\":\"https:\/\/www.lacompagniedesminibusdeparis.fr\/es\/sobre-nosotros\/\",\"url\":\"https:\/\/www.lacompagniedesminibusdeparis.fr\/es\/sobre-nosotros\/\",\"name\":\"Sobre nosotros - La Compagnie des Minibus de Paris\",\"isPartOf\":{\"@id\":\"https:\/\/www.lacompagniedesminibusdeparis.fr\/#website\"},\"primaryImageOfPage\":{\"@id\":\"https:\/\/www.lacompagniedesminibusdeparis.fr\/es\/sobre-nosotros\/#primaryimage\"},\"image\":{\"@id\":\"https:\/\/www.lacompagniedesminibusdeparis.fr\/es\/sobre-nosotros\/#primaryimage\"},\"thumbnailUrl\":\"https:\/\/www.lacompagniedesminibusdeparis.fr\/wp-content\/uploads\/2024\/06\/4-2.png\",\"datePublished\":\"2024-04-21T21:40:23+00:00\",\"dateModified\":\"2024-07-10T18:05:55+00:00\",\"breadcrumb\":{\"@id\":\"https:\/\/www.lacompagniedesminibusdeparis.fr\/es\/sobre-nosotros\/#breadcrumb\"},\"inLanguage\":\"es\",\"potentialAction\":[{\"@type\":\"ReadAction\",\"target\":[\"https:\/\/www.lacompagniedesminibusdeparis.fr\/es\/sobre-nosotros\/\"]}]},{\"@type\":\"ImageObject\",\"inLanguage\":\"es\",\"@id\":\"https:\/\/www.lacompagniedesminibusdeparis.fr\/es\/sobre-nosotros\/#primaryimage\",\"url\":\"https:\/\/www.lacompagniedesminibusdeparis.fr\/wp-content\/uploads\/2024\/06\/4-2.png\",\"contentUrl\":\"https:\/\/www.lacompagniedesminibusdeparis.fr\/wp-content\/uploads\/2024\/06\/4-2.png\"},{\"@type\":\"BreadcrumbList\",\"@id\":\"https:\/\/www.lacompagniedesminibusdeparis.fr\/es\/sobre-nosotros\/#breadcrumb\",\"itemListElement\":[{\"@type\":\"ListItem\",\"position\":1,\"name\":\"Accueil\",\"item\":\"https:\/\/www.lacompagniedesminibusdeparis.fr\/es\/inicio\/\"},{\"@type\":\"ListItem\",\"position\":2,\"name\":\"Sobre nosotros\"}]},{\"@type\":\"WebSite\",\"@id\":\"https:\/\/www.lacompagniedesminibusdeparis.fr\/#website\",\"url\":\"https:\/\/www.lacompagniedesminibusdeparis.fr\/\",\"name\":\"La Compagnie des Minibus de Paris\",\"description\":\"La Compagnie des Minibus de Paris\",\"publisher\":{\"@id\":\"https:\/\/www.lacompagniedesminibusdeparis.fr\/#organization\"},\"potentialAction\":[{\"@type\":\"SearchAction\",\"target\":{\"@type\":\"EntryPoint\",\"urlTemplate\":\"https:\/\/www.lacompagniedesminibusdeparis.fr\/?s={search_term_string}\"},\"query-input\":{\"@type\":\"PropertyValueSpecification\",\"valueRequired\":true,\"valueName\":\"search_term_string\"}}],\"inLanguage\":\"es\"},{\"@type\":\"Organization\",\"@id\":\"https:\/\/www.lacompagniedesminibusdeparis.fr\/#organization\",\"name\":\"La Compagnie des Minibus de Paris\",\"url\":\"https:\/\/www.lacompagniedesminibusdeparis.fr\/\",\"logo\":{\"@type\":\"ImageObject\",\"inLanguage\":\"es\",\"@id\":\"https:\/\/www.lacompagniedesminibusdeparis.fr\/#\/schema\/logo\/image\/\",\"url\":\"https:\/\/www.lacompagniedesminibusdeparis.fr\/wp-content\/uploads\/2024\/04\/LogoCompagnieMinibusParis.png\",\"contentUrl\":\"https:\/\/www.lacompagniedesminibusdeparis.fr\/wp-content\/uploads\/2024\/04\/LogoCompagnieMinibusParis.png\",\"width\":3284,\"height\":1516,\"caption\":\"La Compagnie des Minibus de Paris\"},\"image\":{\"@id\":\"https:\/\/www.lacompagniedesminibusdeparis.fr\/#\/schema\/logo\/image\/\"}}]}<\/script>\n<!-- \/ Yoast SEO plugin. -->","yoast_head_json":{"title":"Sobre nosotros - La Compagnie des Minibus de Paris","robots":{"index":"index","follow":"follow","max-snippet":"max-snippet:-1","max-image-preview":"max-image-preview:large","max-video-preview":"max-video-preview:-1"},"canonical":"https:\/\/www.lacompagniedesminibusdeparis.fr\/es\/sobre-nosotros\/","og_locale":"es_ES","og_type":"article","og_title":"Sobre nosotros - La Compagnie des Minibus de Paris","og_description":"Historia De 1986 a 2023, trabaj\u00e9 como conductor de Grande Remise para varias empresas de alquiler de coches con ch\u00f3fer. He tenido el honor de conducir a personalidades del mundo del espect\u00e1culo, la pol\u00edtica y el deporte, incluido Pel\u00e9 durante el Mundial de F\u00fatbol de 1998. Apasionada de la historia de Francia, sol\u00eda compartir mis [&hellip;]","og_url":"https:\/\/www.lacompagniedesminibusdeparis.fr\/es\/sobre-nosotros\/","og_site_name":"La Compagnie des Minibus de Paris","article_modified_time":"2024-07-10T18:05:55+00:00","og_image":[{"url":"https:\/\/www.lacompagniedesminibusdeparis.fr\/wp-content\/uploads\/2024\/06\/4-2.png","type":"","width":"","height":""}],"twitter_card":"summary_large_image","twitter_misc":{"Tiempo de lectura":"1 minuto"},"schema":{"@context":"https:\/\/schema.org","@graph":[{"@type":"WebPage","@id":"https:\/\/www.lacompagniedesminibusdeparis.fr\/es\/sobre-nosotros\/","url":"https:\/\/www.lacompagniedesminibusdeparis.fr\/es\/sobre-nosotros\/","name":"Sobre nosotros - La Compagnie des Minibus de Paris","isPartOf":{"@id":"https:\/\/www.lacompagniedesminibusdeparis.fr\/#website"},"primaryImageOfPage":{"@id":"https:\/\/www.lacompagniedesminibusdeparis.fr\/es\/sobre-nosotros\/#primaryimage"},"image":{"@id":"https:\/\/www.lacompagniedesminibusdeparis.fr\/es\/sobre-nosotros\/#primaryimage"},"thumbnailUrl":"https:\/\/www.lacompagniedesminibusdeparis.fr\/wp-content\/uploads\/2024\/06\/4-2.png","datePublished":"2024-04-21T21:40:23+00:00","dateModified":"2024-07-10T18:05:55+00:00","breadcrumb":{"@id":"https:\/\/www.lacompagniedesminibusdeparis.fr\/es\/sobre-nosotros\/#breadcrumb"},"inLanguage":"es","potentialAction":[{"@type":"ReadAction","target":["https:\/\/www.lacompagniedesminibusdeparis.fr\/es\/sobre-nosotros\/"]}]},{"@type":"ImageObject","inLanguage":"es","@id":"https:\/\/www.lacompagniedesminibusdeparis.fr\/es\/sobre-nosotros\/#primaryimage","url":"https:\/\/www.lacompagniedesminibusdeparis.fr\/wp-content\/uploads\/2024\/06\/4-2.png","contentUrl":"https:\/\/www.lacompagniedesminibusdeparis.fr\/wp-content\/uploads\/2024\/06\/4-2.png"},{"@type":"BreadcrumbList","@id":"https:\/\/www.lacompagniedesminibusdeparis.fr\/es\/sobre-nosotros\/#breadcrumb","itemListElement":[{"@type":"ListItem","position":1,"name":"Accueil","item":"https:\/\/www.lacompagniedesminibusdeparis.fr\/es\/inicio\/"},{"@type":"ListItem","position":2,"name":"Sobre nosotros"}]},{"@type":"WebSite","@id":"https:\/\/www.lacompagniedesminibusdeparis.fr\/#website","url":"https:\/\/www.lacompagniedesminibusdeparis.fr\/","name":"La Compagnie des Minibus de Paris","description":"La Compagnie des Minibus de Paris","publisher":{"@id":"https:\/\/www.lacompagniedesminibusdeparis.fr\/#organization"},"potentialAction":[{"@type":"SearchAction","target":{"@type":"EntryPoint","urlTemplate":"https:\/\/www.lacompagniedesminibusdeparis.fr\/?s={search_term_string}"},"query-input":{"@type":"PropertyValueSpecification","valueRequired":true,"valueName":"search_term_string"}}],"inLanguage":"es"},{"@type":"Organization","@id":"https:\/\/www.lacompagniedesminibusdeparis.fr\/#organization","name":"La Compagnie des Minibus de Paris","url":"https:\/\/www.lacompagniedesminibusdeparis.fr\/","logo":{"@type":"ImageObject","inLanguage":"es","@id":"https:\/\/www.lacompagniedesminibusdeparis.fr\/#\/schema\/logo\/image\/","url":"https:\/\/www.lacompagniedesminibusdeparis.fr\/wp-content\/uploads\/2024\/04\/LogoCompagnieMinibusParis.png","contentUrl":"https:\/\/www.lacompagniedesminibusdeparis.fr\/wp-content\/uploads\/2024\/04\/LogoCompagnieMinibusParis.png","width":3284,"height":1516,"caption":"La Compagnie des Minibus de Paris"},"image":{"@id":"https:\/\/www.lacompagniedesminibusdeparis.fr\/#\/schema\/logo\/image\/"}}]}},"_links":{"self":[{"href":"https:\/\/www.lacompagniedesminibusdeparis.fr\/es\/wp-json\/wp\/v2\/pages\/1092","targetHints":{"allow":["GET"]}}],"collection":[{"href":"https:\/\/www.lacompagniedesminibusdeparis.fr\/es\/wp-json\/wp\/v2\/pages"}],"about":[{"href":"https:\/\/www.lacompagniedesminibusdeparis.fr\/es\/wp-json\/wp\/v2\/types\/page"}],"author":[{"embeddable":true,"href":"https:\/\/www.lacompagniedesminibusdeparis.fr\/es\/wp-json\/wp\/v2\/users\/1"}],"replies":[{"embeddable":true,"href":"https:\/\/www.lacompagniedesminibusdeparis.fr\/es\/wp-json\/wp\/v2\/comments?post=1092"}],"version-history":[{"count":4,"href":"https:\/\/www.lacompagniedesminibusdeparis.fr\/es\/wp-json\/wp\/v2\/pages\/1092\/revisions"}],"predecessor-version":[{"id":1550,"href":"https:\/\/www.lacompagniedesminibusdeparis.fr\/es\/wp-json\/wp\/v2\/pages\/1092\/revisions\/1550"}],"wp:attachment":[{"href":"https:\/\/www.lacompagniedesminibusdeparis.fr\/es\/wp-json\/wp\/v2\/media?parent=1092"}],"curies":[{"name":"wp","href":"https:\/\/api.w.org\/{rel}","templated":true}]}}