{"id":1094,"date":"2024-06-20T15:05:13","date_gmt":"2024-06-20T15:05:13","guid":{"rendered":"https:\/\/www.lacompagniedesminibusdeparis.fr\/informacion-legal\/"},"modified":"2024-07-02T07:22:22","modified_gmt":"2024-07-02T07:22:22","slug":"informacion-legal","status":"publish","type":"page","link":"https:\/\/www.lacompagniedesminibusdeparis.fr\/es\/informacion-legal\/","title":{"rendered":"Informaci\u00f3n legal"},"content":{"rendered":"<style>.elementor-1094 .elementor-element.elementor-element-43172ff{--display:flex;--padding-top:100px;--padding-bottom:100px;--padding-left:0px;--padding-right:0px;}.elementor-1094 .elementor-element.elementor-element-dd5f590{text-align:center;}<\/style>\t\t<div data-elementor-type=\"wp-page\" data-elementor-id=\"1094\" class=\"elementor elementor-1094 elementor-768\" data-elementor-post-type=\"page\">\n\t\t\t\t<div class=\"elementor-element elementor-element-43172ff e-flex e-con-boxed e-con e-parent\" data-id=\"43172ff\" data-element_type=\"container\" data-e-type=\"container\">\n\t\t\t\t\t<div class=\"e-con-inner\">\n\t\t\t\t<div class=\"elementor-element elementor-element-dd5f590 elementor-widget elementor-widget-heading\" data-id=\"dd5f590\" data-element_type=\"widget\" data-e-type=\"widget\" data-widget_type=\"heading.default\">\n\t\t\t\t<div class=\"elementor-widget-container\">\n\t\t\t\t\t<h2 class=\"elementor-heading-title elementor-size-default\">Informaci\u00f3n legal<\/h2>\t\t\t\t<\/div>\n\t\t\t\t<\/div>\n\t\t\t\t<div class=\"elementor-element elementor-element-595b2ba elementor-widget elementor-widget-text-editor\" data-id=\"595b2ba\" data-element_type=\"widget\" data-e-type=\"widget\" data-widget_type=\"text-editor.default\">\n\t\t\t\t<div class=\"elementor-widget-container\">\n\t\t\t\t\t\t\t\t\t<h3><span style=\"color: #000000;\">EDITOR DEL SITIO WEB<\/span><\/h3>\n<p><span style=\"color: #000000;\">Nombre de la empresa: LA COMPAGNIE DES MINIBUS DE PARIS<\/span><br \/><span style=\"color: #000000;\">Forma jur\u00eddica: SAS<\/span><br \/><span style=\"color: #000000;\">Domicilio social: 1 Rue Falret, 92170 Vanves<\/span><br \/><span style=\"color: #000000;\">Tel\u00e9fono: +33 (0)6.28.72.49.32<\/span><br \/><span style=\"color: #000000;\">Correo electr\u00f3nico: contact @ lacompagniedesminibusdeparis.fr<br \/>N\u00daMERO DE SIRENA: 807-778-808<\/span><br \/><span style=\"color: #000000;\">N\u00famero del Registro Mercantil y de Sociedades de Nanterre  <\/span><br \/><span style=\"color: #000000;\">Capital social: 1.000 euros<br \/><\/span><span style=\"color: #000000;\"><br \/>\n  <em>Inscrita en el Ministerio de Transportes<br \/><\/em><br \/>\n<\/span><span style=\"color: #000000;\"><br \/>\n  <em>Licencia n\u00ba 2015\/11\/0002566 y n\u00ba 2015\/11\/0002567<br \/><\/em><br \/>\n<\/span><span style=\"color: #000000;\"><br \/>\n  <em>Licencia EVTC n\u00ba 092164829<br \/><\/em><br \/>\n<\/span><span style=\"color: #000000;\"><br \/>\n  <em>IVA intracomunitario: FR83 807778808<\/em><br \/>\n<\/span><\/p>\n<p><span style=\"color: #000000;\"> <\/span><\/p>\n<h3><span style=\"color: #000000;\">ANFITRI\u00d3N DEL SITIO<\/span><\/h3>\n<p><span style=\"color: #000000;\">Anfitri\u00f3n : OVH<\/span><br \/><span style=\"color: #000000;\">Direcci\u00f3n: <b>2, rue Kellermann, 59100 Roubaix<\/b><\/span><br \/><span style=\"color: #000000;\">Tel\u00e9fono: <span aria-label=\"Appeler le 04 44 44 60 40\">1007<\/span><\/span><\/p>\n\t\t\t\t\t\t\t\t<\/div>\n\t\t\t\t<\/div>\n\t\t\t\t\t<\/div>\n\t\t\t\t<\/div>\n\t\t\t\t<\/div>\n\t\t","protected":false},"excerpt":{"rendered":"<p>Informaci\u00f3n legal EDITOR DEL SITIO WEB Nombre de la empresa: LA COMPAGNIE DES MINIBUS DE PARISForma jur\u00eddica: SASDomicilio social: 1 Rue Falret, 92170 VanvesTel\u00e9fono: +33 (0)6.28.72.49.32Correo electr\u00f3nico: contact @ lacompagniedesminibusdeparis.frN\u00daMERO DE SIRENA: 807-778-808N\u00famero del Registro Mercantil y de Sociedades de Nanterre Capital social: 1.000 euros Inscrita en el Ministerio de Transportes Licencia n\u00ba 2015\/11\/0002566 y [&hellip;]<\/p>\n","protected":false},"author":1,"featured_media":0,"parent":0,"menu_order":0,"comment_status":"closed","ping_status":"closed","template":"elementor_header_footer","meta":{"footnotes":""},"class_list":["post-1094","page","type-page","status-publish","hentry"],"yoast_head":"<!-- This site is optimized with the Yoast SEO plugin v27.2 - https:\/\/yoast.com\/product\/yoast-seo-wordpress\/ -->\n<title>Informaci\u00f3n legal - La Compagnie des Minibus de Paris<\/title>\n<meta name=\"robots\" content=\"index, follow, max-snippet:-1, max-image-preview:large, max-video-preview:-1\" \/>\n<link rel=\"canonical\" href=\"https:\/\/www.lacompagniedesminibusdeparis.fr\/es\/informacion-legal\/\" \/>\n<meta property=\"og:locale\" content=\"es_ES\" \/>\n<meta property=\"og:type\" content=\"article\" \/>\n<meta property=\"og:title\" content=\"Informaci\u00f3n legal - La Compagnie des Minibus de Paris\" \/>\n<meta property=\"og:description\" content=\"Informaci\u00f3n legal EDITOR DEL SITIO WEB Nombre de la empresa: LA COMPAGNIE DES MINIBUS DE PARISForma jur\u00eddica: SASDomicilio social: 1 Rue Falret, 92170 VanvesTel\u00e9fono: +33 (0)6.28.72.49.32Correo electr\u00f3nico: contact @ lacompagniedesminibusdeparis.frN\u00daMERO DE SIRENA: 807-778-808N\u00famero del Registro Mercantil y de Sociedades de Nanterre Capital social: 1.000 euros Inscrita en el Ministerio de Transportes Licencia n\u00ba 2015\/11\/0002566 y [&hellip;]\" \/>\n<meta property=\"og:url\" content=\"https:\/\/www.lacompagniedesminibusdeparis.fr\/es\/informacion-legal\/\" \/>\n<meta property=\"og:site_name\" content=\"La Compagnie des Minibus de Paris\" \/>\n<meta property=\"article:modified_time\" content=\"2024-07-02T07:22:22+00:00\" \/>\n<meta name=\"twitter:card\" content=\"summary_large_image\" \/>\n<script type=\"application\/ld+json\" class=\"yoast-schema-graph\">{\"@context\":\"https:\/\/schema.org\",\"@graph\":[{\"@type\":\"WebPage\",\"@id\":\"https:\/\/www.lacompagniedesminibusdeparis.fr\/es\/informacion-legal\/\",\"url\":\"https:\/\/www.lacompagniedesminibusdeparis.fr\/es\/informacion-legal\/\",\"name\":\"Informaci\u00f3n legal - La Compagnie des Minibus de Paris\",\"isPartOf\":{\"@id\":\"https:\/\/www.lacompagniedesminibusdeparis.fr\/#website\"},\"datePublished\":\"2024-06-20T15:05:13+00:00\",\"dateModified\":\"2024-07-02T07:22:22+00:00\",\"breadcrumb\":{\"@id\":\"https:\/\/www.lacompagniedesminibusdeparis.fr\/es\/informacion-legal\/#breadcrumb\"},\"inLanguage\":\"es\",\"potentialAction\":[{\"@type\":\"ReadAction\",\"target\":[\"https:\/\/www.lacompagniedesminibusdeparis.fr\/es\/informacion-legal\/\"]}]},{\"@type\":\"BreadcrumbList\",\"@id\":\"https:\/\/www.lacompagniedesminibusdeparis.fr\/es\/informacion-legal\/#breadcrumb\",\"itemListElement\":[{\"@type\":\"ListItem\",\"position\":1,\"name\":\"Accueil\",\"item\":\"https:\/\/www.lacompagniedesminibusdeparis.fr\/es\/inicio\/\"},{\"@type\":\"ListItem\",\"position\":2,\"name\":\"Informaci\u00f3n legal\"}]},{\"@type\":\"WebSite\",\"@id\":\"https:\/\/www.lacompagniedesminibusdeparis.fr\/#website\",\"url\":\"https:\/\/www.lacompagniedesminibusdeparis.fr\/\",\"name\":\"La Compagnie des Minibus de Paris\",\"description\":\"La Compagnie des Minibus de Paris\",\"publisher\":{\"@id\":\"https:\/\/www.lacompagniedesminibusdeparis.fr\/#organization\"},\"potentialAction\":[{\"@type\":\"SearchAction\",\"target\":{\"@type\":\"EntryPoint\",\"urlTemplate\":\"https:\/\/www.lacompagniedesminibusdeparis.fr\/?s={search_term_string}\"},\"query-input\":{\"@type\":\"PropertyValueSpecification\",\"valueRequired\":true,\"valueName\":\"search_term_string\"}}],\"inLanguage\":\"es\"},{\"@type\":\"Organization\",\"@id\":\"https:\/\/www.lacompagniedesminibusdeparis.fr\/#organization\",\"name\":\"La Compagnie des Minibus de Paris\",\"url\":\"https:\/\/www.lacompagniedesminibusdeparis.fr\/\",\"logo\":{\"@type\":\"ImageObject\",\"inLanguage\":\"es\",\"@id\":\"https:\/\/www.lacompagniedesminibusdeparis.fr\/#\/schema\/logo\/image\/\",\"url\":\"https:\/\/www.lacompagniedesminibusdeparis.fr\/wp-content\/uploads\/2024\/04\/LogoCompagnieMinibusParis.png\",\"contentUrl\":\"https:\/\/www.lacompagniedesminibusdeparis.fr\/wp-content\/uploads\/2024\/04\/LogoCompagnieMinibusParis.png\",\"width\":3284,\"height\":1516,\"caption\":\"La Compagnie des Minibus de Paris\"},\"image\":{\"@id\":\"https:\/\/www.lacompagniedesminibusdeparis.fr\/#\/schema\/logo\/image\/\"}}]}<\/script>\n<!-- \/ Yoast SEO plugin. -->","yoast_head_json":{"title":"Informaci\u00f3n legal - La Compagnie des Minibus de Paris","robots":{"index":"index","follow":"follow","max-snippet":"max-snippet:-1","max-image-preview":"max-image-preview:large","max-video-preview":"max-video-preview:-1"},"canonical":"https:\/\/www.lacompagniedesminibusdeparis.fr\/es\/informacion-legal\/","og_locale":"es_ES","og_type":"article","og_title":"Informaci\u00f3n legal - La Compagnie des Minibus de Paris","og_description":"Informaci\u00f3n legal EDITOR DEL SITIO WEB Nombre de la empresa: LA COMPAGNIE DES MINIBUS DE PARISForma jur\u00eddica: SASDomicilio social: 1 Rue Falret, 92170 VanvesTel\u00e9fono: +33 (0)6.28.72.49.32Correo electr\u00f3nico: contact @ lacompagniedesminibusdeparis.frN\u00daMERO DE SIRENA: 807-778-808N\u00famero del Registro Mercantil y de Sociedades de Nanterre Capital social: 1.000 euros Inscrita en el Ministerio de Transportes Licencia n\u00ba 2015\/11\/0002566 y [&hellip;]","og_url":"https:\/\/www.lacompagniedesminibusdeparis.fr\/es\/informacion-legal\/","og_site_name":"La Compagnie des Minibus de Paris","article_modified_time":"2024-07-02T07:22:22+00:00","twitter_card":"summary_large_image","schema":{"@context":"https:\/\/schema.org","@graph":[{"@type":"WebPage","@id":"https:\/\/www.lacompagniedesminibusdeparis.fr\/es\/informacion-legal\/","url":"https:\/\/www.lacompagniedesminibusdeparis.fr\/es\/informacion-legal\/","name":"Informaci\u00f3n legal - La Compagnie des Minibus de Paris","isPartOf":{"@id":"https:\/\/www.lacompagniedesminibusdeparis.fr\/#website"},"datePublished":"2024-06-20T15:05:13+00:00","dateModified":"2024-07-02T07:22:22+00:00","breadcrumb":{"@id":"https:\/\/www.lacompagniedesminibusdeparis.fr\/es\/informacion-legal\/#breadcrumb"},"inLanguage":"es","potentialAction":[{"@type":"ReadAction","target":["https:\/\/www.lacompagniedesminibusdeparis.fr\/es\/informacion-legal\/"]}]},{"@type":"BreadcrumbList","@id":"https:\/\/www.lacompagniedesminibusdeparis.fr\/es\/informacion-legal\/#breadcrumb","itemListElement":[{"@type":"ListItem","position":1,"name":"Accueil","item":"https:\/\/www.lacompagniedesminibusdeparis.fr\/es\/inicio\/"},{"@type":"ListItem","position":2,"name":"Informaci\u00f3n legal"}]},{"@type":"WebSite","@id":"https:\/\/www.lacompagniedesminibusdeparis.fr\/#website","url":"https:\/\/www.lacompagniedesminibusdeparis.fr\/","name":"La Compagnie des Minibus de Paris","description":"La Compagnie des Minibus de Paris","publisher":{"@id":"https:\/\/www.lacompagniedesminibusdeparis.fr\/#organization"},"potentialAction":[{"@type":"SearchAction","target":{"@type":"EntryPoint","urlTemplate":"https:\/\/www.lacompagniedesminibusdeparis.fr\/?s={search_term_string}"},"query-input":{"@type":"PropertyValueSpecification","valueRequired":true,"valueName":"search_term_string"}}],"inLanguage":"es"},{"@type":"Organization","@id":"https:\/\/www.lacompagniedesminibusdeparis.fr\/#organization","name":"La Compagnie des Minibus de Paris","url":"https:\/\/www.lacompagniedesminibusdeparis.fr\/","logo":{"@type":"ImageObject","inLanguage":"es","@id":"https:\/\/www.lacompagniedesminibusdeparis.fr\/#\/schema\/logo\/image\/","url":"https:\/\/www.lacompagniedesminibusdeparis.fr\/wp-content\/uploads\/2024\/04\/LogoCompagnieMinibusParis.png","contentUrl":"https:\/\/www.lacompagniedesminibusdeparis.fr\/wp-content\/uploads\/2024\/04\/LogoCompagnieMinibusParis.png","width":3284,"height":1516,"caption":"La Compagnie des Minibus de Paris"},"image":{"@id":"https:\/\/www.lacompagniedesminibusdeparis.fr\/#\/schema\/logo\/image\/"}}]}},"_links":{"self":[{"href":"https:\/\/www.lacompagniedesminibusdeparis.fr\/es\/wp-json\/wp\/v2\/pages\/1094","targetHints":{"allow":["GET"]}}],"collection":[{"href":"https:\/\/www.lacompagniedesminibusdeparis.fr\/es\/wp-json\/wp\/v2\/pages"}],"about":[{"href":"https:\/\/www.lacompagniedesminibusdeparis.fr\/es\/wp-json\/wp\/v2\/types\/page"}],"author":[{"embeddable":true,"href":"https:\/\/www.lacompagniedesminibusdeparis.fr\/es\/wp-json\/wp\/v2\/users\/1"}],"replies":[{"embeddable":true,"href":"https:\/\/www.lacompagniedesminibusdeparis.fr\/es\/wp-json\/wp\/v2\/comments?post=1094"}],"version-history":[{"count":1,"href":"https:\/\/www.lacompagniedesminibusdeparis.fr\/es\/wp-json\/wp\/v2\/pages\/1094\/revisions"}],"predecessor-version":[{"id":1095,"href":"https:\/\/www.lacompagniedesminibusdeparis.fr\/es\/wp-json\/wp\/v2\/pages\/1094\/revisions\/1095"}],"wp:attachment":[{"href":"https:\/\/www.lacompagniedesminibusdeparis.fr\/es\/wp-json\/wp\/v2\/media?parent=1094"}],"curies":[{"name":"wp","href":"https:\/\/api.w.org\/{rel}","templated":true}]}}